{"id":6497,"date":"2021-09-24T19:50:36","date_gmt":"2021-09-24T19:50:36","guid":{"rendered":"http:\/\/apoyo.pro\/?page_id=6497"},"modified":"2021-09-30T15:18:03","modified_gmt":"2021-09-30T15:18:03","slug":"terminos-y-condiciones","status":"publish","type":"page","link":"https:\/\/apoyo.pro\/en\/terminos-y-condiciones\/","title":{"rendered":"T\u00e9rminos y condiciones"},"content":{"rendered":"<div class=\"wp-block-qubely-table-of-contents qubely-block-ca23d2 qubely-block-table-of-contents qubely-align-left\"><div class=\"qubely-table-of-contents\" data-scroll-offset=\"20\"><div class=\"qubely-table-of-contents-header qubely-toc-header-frontend qubely-justify-between\"><div class=\"qubely-table-of-contents-heading\"><div class=\"title\">Tabla de contenido<\/div><\/div><\/div><div class=\"qubely-table-of-contents-body\"><ul class=\"unordered-list\"><li><a href=\"#1-1--condiciones-de-uso-de-la-plataforma-\">1. Condiciones de uso de la plataforma<\/a><\/li><li><a href=\"#2--2-propiedad-intelectual-\">2. Propiedad Intelectual<\/a><\/li><li><a href=\"#3--3-responsabilidades-\">3. Responsabilidades<\/a><\/li><li><a href=\"#4--4-jurisdicci\u00f3n-y-vigencia-de-las-condiciones-generales-de-acceso-a-la-web-\">4. Jurisdicci\u00f3n y vigencia de las condiciones generales de acceso a la web<\/a><\/li><\/ul><\/div><a href=\"#\" class=\"qubely-back-to-top-button fas fa-angle-up\"><\/a><\/div><\/div>\n\n\n\n<div style=\"height:30px\" aria-hidden=\"true\" class=\"wp-block-spacer\"><\/div>\n\n\n\n<div class=\"wp-block-qubely-divider qubely-block-4e8c7b\"><div class=\"qubely-block-divider\"><svg xmlns=\"http:\/\/www.w3.org\/2000\/svg\" viewbox=\"0 0 240 40\" preserveaspectratio=\"none\"><path d=\"M234.3 19.3c-1.5-.1-3.1-1.7-3.2-3.2-.1-.9-1.4-.9-1.4 0-.1 1.5-1.7 3.1-3.2 3.2h-89.9c-.4-1.7-1.8-3-3.6-3-1.7 0-3.2 1.3-3.6 2.9-4.3-.4-8.4-4.6-8.8-8.9-.1-.9-1.4-.9-1.4 0-.3 4.3-4.4 8.5-8.8 8.9-.3-1.6-1.8-2.9-3.4-2.9-1.9-.1-3.3 1.2-3.7 3H13.4c-1.5-.1-3.1-1.7-3.2-3.2-.1-.9-1.4-.9-1.4 0-.1 1.5-1.7 3.1-3.2 3.2-.9.1-.9 1.4 0 1.4 1.5.1 3.1 1.7 3.2 3.2 0 .5.3.7.7.7.4 0 .8-.2.7-.7.1-1.5 1.7-3.1 3.2-3.2h89.9c.4 1.7 1.8 3 3.6 3 1.7 0 3.3-1.3 3.6-2.9 4.3.4 8.4 4.6 8.8 8.9 0 .5.3.7.7.7.4 0 .8-.2.7-.7.3-4.3 4.4-8.5 8.8-8.9.3 1.6 1.8 2.9 3.4 2.9 1.9.1 3.3-1.2 3.7-3h89.9c1.5.1 3.1 1.7 3.2 3.2 0 .5.3.7.7.7.4 0 .8-.2.7-.7.1-1.5 1.7-3.1 3.2-3.2a.7.7 0 0 0 0-1.4zM9.6 21.8c-.4-.7-1.1-1.4-1.8-1.8.7-.4 1.4-1.1 1.8-1.8.4.7 1 1.2 1.6 1.7v.2c-.7.5-1.2 1-1.6 1.7zm95.1-1.8c.2-2.9 4.5-2.9 4.5 0s-4.4 2.9-4.5 0zm15.3 6.7c-1.2-3-3.7-5.5-6.7-6.7 3-1.2 5.5-3.7 6.7-6.7 1.2 3 3.7 5.5 6.7 6.7-3 1.2-5.5 3.7-6.7 6.7zm10.8-6.7c0-2.9 4.3-2.9 4.5 0-.1 2.9-4.5 2.9-4.5 0zm99.6 1.8c-.4-.7-1.1-1.4-1.8-1.8.7-.4 1.4-1.1 1.8-1.8.4.7 1.1 1.4 1.8 1.8-.7.4-1.3 1.1-1.8 1.8z\"><\/path><\/svg><\/div><\/div>\n\n\n\n<h2 class=\"wp-block-heading\" id=\"1-1--condiciones-de-uso-de-la-plataforma-\">1. <strong>Condiciones de uso de la plataforma<\/strong><\/h2>\n\n\n\n<p>El acceso a la plataforma de formaci\u00f3n por parte del usuario est\u00e1 condicionada a la previa lectura y aceptaci\u00f3n integra, expresa y sin reservas de las presentes&nbsp;<strong>CONDICIONES DE USO&nbsp;<\/strong>vigentes en el momento del acceso, que rogamos lea detenidamente. El usuario en el momento que utiliza esta plataforma, sus contenidos o servicios,&nbsp;<strong>acepta y se somete expresamente a las condiciones generales de uso del mismo<\/strong>.<\/p>\n\n\n\n<p>Las presentes condiciones de uso pueden ser modificadas para adaptarse a los servicios prestados, cambios de configuraci\u00f3n de los cursos o a cambios legislativos. Le aconsejamos que compruebe la vigencia de las mismas cuando acceda a la plataforma.<\/p>\n\n\n\n<p><strong>Condiciones de Acceso y uso a los cursos<\/strong><\/p>\n\n\n\n<p>El acceso a los cursos est\u00e1 restringido a <a>EDUCANDOS<\/a> previamente dados de alta y a los que les ha sido facilitado un C\u00f3digo de Usuario y una Contrase\u00f1a personales.<\/p>\n\n\n\n<p>No est\u00e1 permitido el acceso mediante claves de otros EDUCANDOS.<\/p>\n\n\n\n<p>El EDUCANDO es el \u00fanico responsable de la custodia de sus claves de acceso y est\u00e1 obligado a notificar a su empresa o a nosotros su p\u00e9rdida o su utilizaci\u00f3n ilegal.<\/p>\n\n\n\n<p>El tratamiento de sus datos personales se realiza de acuerdo con nuestra&nbsp;<a href=\"https:\/\/apoyo.pro\/en\/politica-de-privacidad-reembolso-y-envio\/\">pol\u00edtica de privacidad<\/a>.<\/p>\n\n\n\n<p>El <a>EDUCANDO<\/a> debe acceder a nuestra plataforma conforme a la buena fe, las normas de orden p\u00fablico y a las presentes Condiciones de uso. El acceso a nuestra plataforma se realiza bajo la propia y exclusiva responsabilidad del EDUCANDO, que responder\u00e1 en todo caso de los da\u00f1os y perjuicios que pueda causar a terceros o a nosotros mismos.<\/p>\n\n\n\n<p>El EDUCANDO tiene expresamente prohibido la utilizaci\u00f3n y obtenci\u00f3n de los servicios y contenidos ofrecidos en la presente plataforma, por procedimientos distintos a los establecidos en la misma y en las presentes Condiciones de Uso.<\/p>\n\n\n\n<p><a>Apoyo.pro VLHC<\/a> se reserva el derecho unilateral y sin preaviso de dar de baja a cualquier EDUCANDO que entienda que ha vulnerado las condiciones que rigen el uso de nuestra plataforma sin que el EDUCANDO tenga derecho a reclamaci\u00f3n de ning\u00fan tipo por este tipo de acciones. Asimismo, se reserva el derecho de ejercitar las acciones legales oportunas contra aquellos que vulneren las presentes condiciones generales de uso, aceptando el EDUCANDO que la no iniciaci\u00f3n de estas acciones no constituye una renuncia formal a los mismas, permaneciendo \u00e9stas vigentes hasta los plazos legales de prescripci\u00f3n de las infracciones.<\/p>\n\n\n\n<p><strong>Normas de utilizaci\u00f3n del Chat, Mensajer\u00eda y Foros<\/strong><\/p>\n\n\n\n<p>Los cursos ponen a disposici\u00f3n de los EDUCANDOS diversos servicios de intercambio de informaci\u00f3n, tanto de forma p\u00fablica (Chat y Foro) como privada (Mensajer\u00eda).<\/p>\n\n\n\n<p>Los EDUCANDOS, para su utilizaci\u00f3n deber\u00e1n respetar las siguientes normas y condiciones:<\/p>\n\n\n\n<ol class=\"wp-block-list\" type=\"1\"><li>Aprobar expresamente y sin reservas las presentes condiciones de uso.<\/li><li>Aceptar que su nombre de usuario aparezca publicado como autor del contenido publicado.<\/li><li>Publicar \u00fanicamente contenidos que, de buena fe, puedan ser considerados \u00fatiles y adecuados a programa formativo que est\u00e1 realizando.<\/li><li>No publicar las respuestas de los test de superaci\u00f3n del curso.<\/li><li>No publicar contenidos de car\u00e1cter comercial, publicitario o que persigan una finalidad lucrativa.<\/li><li>Publicar \u00fanicamente contenidos que no infrinjan ninguna ley ni que no vulneren derechos de terceros, muy especialmente los de propiedad intelectual e industrial.<\/li><li>Utilizar un lenguaje correcto y no incluir palabras malsonantes u ofensivas que puedan ser consideradas de mal gusto por otros EDUCANDOS.<\/li><\/ol>\n\n\n\n<p>El EDUCANDO asume en exclusiva la responsabilidad de los contenidos publicados.<\/p>\n\n\n\n<p>Apoyo.pro VLHC no supervisa ni aprueba previamente el contenido publicado por los EDUCANDOS, pero se reserva el derecho de eliminar aquellos mensajes o contenidos que vulneren las presentes condiciones de uso.<\/p>\n\n\n\n<div style=\"height:30px\" aria-hidden=\"true\" class=\"wp-block-spacer\"><\/div>\n\n\n\n<h2 class=\"wp-block-heading\" id=\"2--2-propiedad-intelectual-\"><strong>2. Propiedad Intelectual<\/strong><\/h2>\n\n\n\n<p>Todos los contenidos, textos, im\u00e1genes, y c\u00f3digos fuente son propiedad de Apoyo.pro VLHC o de terceros que de los que se ha obtenido el derecho de uso, y est\u00e1n protegidos por los derechos de Propiedad Intelectual e Industrial.<\/p>\n\n\n\n<p>El EDUCANDO \u00fanicamente tiene derecho a un uso privado de los mismos, sin \u00e1nimo de lucro, y necesita autorizaci\u00f3n expresa para modificarlos, reproducirlos, explotarlos, distribuirlos o ejercer cualquier derecho perteneciente a su titular.<\/p>\n\n\n\n<p>Apoyo.pro VLHC es una marca registrada y est\u00e1 prohibida su reproducci\u00f3n, imitaci\u00f3n, utilizaci\u00f3n o inserci\u00f3n sin la debida autorizaci\u00f3n de sus titulares.<\/p>\n\n\n\n<p>Apoyo.pro VLHC queda exonerado de responsabilidad por cualquier reclamaci\u00f3n respecto a los derechos de propiedad intelectual de los contenidos e im\u00e1genes publicadas por terceros en esta plataforma siendo la responsabilidad de quien los publique.<\/p>\n\n\n\n<p>El establecimiento de enlaces externos a esta plataforma no confiere ning\u00fan derecho sobre la misma. Asimismo, el simple hecho de establecer un enlace a nuestra plataforma no da derecho a otorgarse la categor\u00eda de colaborador o socio.<\/p>\n\n\n\n<div style=\"height:30px\" aria-hidden=\"true\" class=\"wp-block-spacer\"><\/div>\n\n\n\n<h2 class=\"wp-block-heading\" id=\"3--3-responsabilidades-\"><strong>3. Responsabilidades<\/strong><\/h2>\n\n\n\n<p>Al poner a disposici\u00f3n del EDUCANDO esta plataforma queremos ofrecerle un servicio de calidad, utilizando la m\u00e1xima diligencia en la prestaci\u00f3n del mismo, as\u00ed como en los medios tecnol\u00f3gicos utilizados. No obstante, no responderemos de la presencia de virus y otros elementos que de alg\u00fan modo puedan da\u00f1ar el sistema inform\u00e1tico del EDUCANDO o de la organizaci\u00f3n a la que pertenece.<\/p>\n\n\n\n<p>Apoyo.pro VLHC no garantiza que la disponibilidad del servicio de la plataforma sea continuo e ininterrumpido, por circunstancias originadas por causas de fuerza mayor, problemas en la red de Internet, fallos tecnol\u00f3gicos o aver\u00edas, propias o ajenas, derivadas del estado actual de la tecnolog\u00eda y otras circunstancias imprevisibles, de manera que el EDUCANDO acepta soportar dentro de unos l\u00edmites razonables estas circunstancias y renuncia expresamente a reclamar a Apoyo.pro VLHC cualquier responsabilidad por los mismos.<\/p>\n\n\n\n<p>El EDUCANDO tiene prohibido cualquier tipo de acci\u00f3n sobre nuestro portal que origine una excesiva sobrecarga de funcionamiento a nuestros sistemas inform\u00e1ticos, as\u00ed como la introducci\u00f3n de virus, o instalaci\u00f3n de robots, o software que altere el normal funcionamiento de nuestra web, o en definitiva pueda causar da\u00f1os a nuestros sistemas inform\u00e1ticos.<\/p>\n\n\n\n<p>El EDUCANDO asume toda la responsabilidad derivada del uso de nuestra plataforma, siendo el \u00fanico responsable de todo efecto directo o indirecto que sobre la plataforma se derive, incluyendo, de forma enunciativa y no limitativa, todo resultado econ\u00f3mico, t\u00e9cnico y\/o jur\u00eddico adverso, as\u00ed como la defraudaci\u00f3n de las expectativas generadas por nuestra plataforma, oblig\u00e1ndose el EDUCANDO a mantener indemne a Apoyo.pro VLHC por cualesquiera reclamaciones derivadas, directa o indirectamente de tales hechos.<\/p>\n\n\n\n<p>Apoyo.pro VLHC no garantiza la exactitud, veracidad y vigencia de los contenidos de esta plataforma, ya sean propios o publicados por terceros, quedando totalmente exonerada de cualquier responsabilidad derivada del uso de la mismos. En concreto NO se hace responsable de que los contenidos publicados por los EDUCANDOS en los foros o chats de la plataforma y queda exonerado de responsabilidad por cualquier reclamaci\u00f3n respecto a los derechos de propiedad intelectual de los mismos.<\/p>\n\n\n\n<p>Apoyo.pro VLHC queda exonerada de cualquier responsabilidad derivada de cualquier reclamaci\u00f3n, incluido el pago de honorarios a abogados, por las demandas y reclamaciones originadas por terceros por el incumplimiento por parte del EDUCANDO de nuestras condiciones de uso y pol\u00edtica de privacidad, o cualquiera otra reclamaci\u00f3n por el incumplimiento de la legislaci\u00f3n vigente.<\/p>\n\n\n\n<p>El EDUCANDO reconoce que ha entendido toda la informaci\u00f3n respecto a las condiciones de uso de nuestro portal, y reconoce que son suficientes para la exclusi\u00f3n del error en las mismas y, por lo tanto, las acepta integra y expresamente.<\/p>\n\n\n\n<p>El EDUCANDO es plenamente consciente de que la mera utilizaci\u00f3n de la presente plataforma y sus servicios implica la aceptaci\u00f3n de las presentes condiciones de uso.<\/p>\n\n\n\n<div style=\"height:30px\" aria-hidden=\"true\" class=\"wp-block-spacer\"><\/div>\n\n\n\n<h2 class=\"wp-block-heading\" id=\"4--4-jurisdicci%C3%B3n-y-vigencia-de-las-condiciones-generales-de-acceso-a-la-web-\"><strong>4. Jurisdicci\u00f3n y vigencia de las condiciones generales de acceso a la web<\/strong><\/h2>\n\n\n\n<p>Todo lo referente a nuestra plataforma, se rige exclusivamente por las leyes Dominicanas.<\/p>\n\n\n\n<p>Las presentes Condiciones Generales de Uso han sido actualizadas con fecha&nbsp;<strong>24\/sep\/2021<\/strong>. En cualquier momento podemos proceder a su modificaci\u00f3n: por favor, compruebe la fecha de emisi\u00f3n en cada ocasi\u00f3n en que se conecte a nuestra plataforma y as\u00ed tendr\u00e1 la certeza de que no se ha producido modificaci\u00f3n alguna que le afecte.<\/p>\n\n\n\n<div style=\"height:30px\" aria-hidden=\"true\" class=\"wp-block-spacer\"><\/div>","protected":false},"excerpt":{"rendered":"<p>1. Condiciones de uso de la plataforma El acceso a la plataforma de formaci\u00f3n por parte del usuario est\u00e1 condicionada a la previa lectura y aceptaci\u00f3n integra, expresa y sin reservas de las presentes&nbsp;CONDICIONES DE USO&nbsp;vigentes en el momento del acceso, que rogamos lea detenidamente. El usuario en el momento que utiliza esta plataforma, sus [&hellip;]<\/p>","protected":false},"author":1,"featured_media":0,"parent":0,"menu_order":0,"comment_status":"closed","ping_status":"closed","template":"","meta":{"qubely_global_settings":"","qubely_interactions":"","_uag_custom_page_level_css":"","footnotes":""},"class_list":["post-6497","page","type-page","status-publish","hentry"],"yoast_head":"<!-- This site is optimized with the Yoast SEO plugin v25.8 - https:\/\/yoast.com\/wordpress\/plugins\/seo\/ -->\n<title>T\u00e9rminos y condiciones - Apoyo.pro VLHC<\/title>\n<meta name=\"robots\" content=\"index, follow, max-snippet:-1, max-image-preview:large, max-video-preview:-1\" \/>\n<link rel=\"canonical\" href=\"https:\/\/apoyo.pro\/en\/terminos-y-condiciones\/\" \/>\n<meta property=\"og:locale\" content=\"en_US\" \/>\n<meta property=\"og:type\" content=\"article\" \/>\n<meta property=\"og:title\" content=\"T\u00e9rminos y condiciones - Apoyo.pro VLHC\" \/>\n<meta property=\"og:description\" content=\"1. Condiciones de uso de la plataforma El acceso a la plataforma de formaci\u00f3n por parte del usuario est\u00e1 condicionada a la previa lectura y aceptaci\u00f3n integra, expresa y sin reservas de las presentes&nbsp;CONDICIONES DE USO&nbsp;vigentes en el momento del acceso, que rogamos lea detenidamente. El usuario en el momento que utiliza esta plataforma, sus [&hellip;]\" \/>\n<meta property=\"og:url\" content=\"https:\/\/apoyo.pro\/en\/terminos-y-condiciones\/\" \/>\n<meta property=\"og:site_name\" content=\"Apoyo.pro VLHC\" \/>\n<meta property=\"article:modified_time\" content=\"2021-09-30T15:18:03+00:00\" \/>\n<meta name=\"twitter:card\" content=\"summary_large_image\" \/>\n<meta name=\"twitter:label1\" content=\"Est. reading time\" \/>\n\t<meta name=\"twitter:data1\" content=\"6 minutes\" \/>\n<script type=\"application\/ld+json\" class=\"yoast-schema-graph\">{\"@context\":\"https:\/\/schema.org\",\"@graph\":[{\"@type\":\"WebPage\",\"@id\":\"https:\/\/apoyo.pro\/terminos-y-condiciones\/\",\"url\":\"https:\/\/apoyo.pro\/terminos-y-condiciones\/\",\"name\":\"T\u00e9rminos y condiciones - Apoyo.pro VLHC\",\"isPartOf\":{\"@id\":\"https:\/\/apoyo.pro\/#website\"},\"datePublished\":\"2021-09-24T19:50:36+00:00\",\"dateModified\":\"2021-09-30T15:18:03+00:00\",\"breadcrumb\":{\"@id\":\"https:\/\/apoyo.pro\/terminos-y-condiciones\/#breadcrumb\"},\"inLanguage\":\"en-US\",\"potentialAction\":[{\"@type\":\"ReadAction\",\"target\":[\"https:\/\/apoyo.pro\/terminos-y-condiciones\/\"]}]},{\"@type\":\"BreadcrumbList\",\"@id\":\"https:\/\/apoyo.pro\/terminos-y-condiciones\/#breadcrumb\",\"itemListElement\":[{\"@type\":\"ListItem\",\"position\":1,\"name\":\"Portada\",\"item\":\"https:\/\/apoyo.pro\/\"},{\"@type\":\"ListItem\",\"position\":2,\"name\":\"T\u00e9rminos y condiciones\"}]},{\"@type\":\"WebSite\",\"@id\":\"https:\/\/apoyo.pro\/#website\",\"url\":\"https:\/\/apoyo.pro\/\",\"name\":\"Apoyo.pro VLHC\",\"description\":\"Reingenier\u00eda de procesos de negocios con Voluntad, Lealtad, Honestidad y Car\u00e1cter.\",\"publisher\":{\"@id\":\"https:\/\/apoyo.pro\/#organization\"},\"potentialAction\":[{\"@type\":\"SearchAction\",\"target\":{\"@type\":\"EntryPoint\",\"urlTemplate\":\"https:\/\/apoyo.pro\/?s={search_term_string}\"},\"query-input\":{\"@type\":\"PropertyValueSpecification\",\"valueRequired\":true,\"valueName\":\"search_term_string\"}}],\"inLanguage\":\"en-US\"},{\"@type\":\"Organization\",\"@id\":\"https:\/\/apoyo.pro\/#organization\",\"name\":\"Apoyo.pro VLHC\",\"url\":\"https:\/\/apoyo.pro\/\",\"logo\":{\"@type\":\"ImageObject\",\"inLanguage\":\"en-US\",\"@id\":\"https:\/\/apoyo.pro\/#\/schema\/logo\/image\/\",\"url\":\"https:\/\/apoyo.pro\/wp-content\/uploads\/2021\/09\/cropped-Original-on-Transparent-e1631756329498.png\",\"contentUrl\":\"https:\/\/apoyo.pro\/wp-content\/uploads\/2021\/09\/cropped-Original-on-Transparent-e1631756329498.png\",\"width\":190,\"height\":61,\"caption\":\"Apoyo.pro VLHC\"},\"image\":{\"@id\":\"https:\/\/apoyo.pro\/#\/schema\/logo\/image\/\"}}]}<\/script>\n<!-- \/ Yoast SEO plugin. -->","yoast_head_json":{"title":"T\u00e9rminos y condiciones - Apoyo.pro VLHC","robots":{"index":"index","follow":"follow","max-snippet":"max-snippet:-1","max-image-preview":"max-image-preview:large","max-video-preview":"max-video-preview:-1"},"canonical":"https:\/\/apoyo.pro\/en\/terminos-y-condiciones\/","og_locale":"en_US","og_type":"article","og_title":"T\u00e9rminos y condiciones - Apoyo.pro VLHC","og_description":"1. Condiciones de uso de la plataforma El acceso a la plataforma de formaci\u00f3n por parte del usuario est\u00e1 condicionada a la previa lectura y aceptaci\u00f3n integra, expresa y sin reservas de las presentes&nbsp;CONDICIONES DE USO&nbsp;vigentes en el momento del acceso, que rogamos lea detenidamente. El usuario en el momento que utiliza esta plataforma, sus [&hellip;]","og_url":"https:\/\/apoyo.pro\/en\/terminos-y-condiciones\/","og_site_name":"Apoyo.pro VLHC","article_modified_time":"2021-09-30T15:18:03+00:00","twitter_card":"summary_large_image","twitter_misc":{"Est. reading time":"6 minutes"},"schema":{"@context":"https:\/\/schema.org","@graph":[{"@type":"WebPage","@id":"https:\/\/apoyo.pro\/terminos-y-condiciones\/","url":"https:\/\/apoyo.pro\/terminos-y-condiciones\/","name":"T\u00e9rminos y condiciones - Apoyo.pro VLHC","isPartOf":{"@id":"https:\/\/apoyo.pro\/#website"},"datePublished":"2021-09-24T19:50:36+00:00","dateModified":"2021-09-30T15:18:03+00:00","breadcrumb":{"@id":"https:\/\/apoyo.pro\/terminos-y-condiciones\/#breadcrumb"},"inLanguage":"en-US","potentialAction":[{"@type":"ReadAction","target":["https:\/\/apoyo.pro\/terminos-y-condiciones\/"]}]},{"@type":"BreadcrumbList","@id":"https:\/\/apoyo.pro\/terminos-y-condiciones\/#breadcrumb","itemListElement":[{"@type":"ListItem","position":1,"name":"Portada","item":"https:\/\/apoyo.pro\/"},{"@type":"ListItem","position":2,"name":"T\u00e9rminos y condiciones"}]},{"@type":"WebSite","@id":"https:\/\/apoyo.pro\/#website","url":"https:\/\/apoyo.pro\/","name":"Apoyo.pro VLHC","description":"Reingenier\u00eda de procesos de negocios con Voluntad, Lealtad, Honestidad y Car\u00e1cter.","publisher":{"@id":"https:\/\/apoyo.pro\/#organization"},"potentialAction":[{"@type":"SearchAction","target":{"@type":"EntryPoint","urlTemplate":"https:\/\/apoyo.pro\/?s={search_term_string}"},"query-input":{"@type":"PropertyValueSpecification","valueRequired":true,"valueName":"search_term_string"}}],"inLanguage":"en-US"},{"@type":"Organization","@id":"https:\/\/apoyo.pro\/#organization","name":"Apoyo.pro VLHC","url":"https:\/\/apoyo.pro\/","logo":{"@type":"ImageObject","inLanguage":"en-US","@id":"https:\/\/apoyo.pro\/#\/schema\/logo\/image\/","url":"https:\/\/apoyo.pro\/wp-content\/uploads\/2021\/09\/cropped-Original-on-Transparent-e1631756329498.png","contentUrl":"https:\/\/apoyo.pro\/wp-content\/uploads\/2021\/09\/cropped-Original-on-Transparent-e1631756329498.png","width":190,"height":61,"caption":"Apoyo.pro VLHC"},"image":{"@id":"https:\/\/apoyo.pro\/#\/schema\/logo\/image\/"}}]}},"uagb_featured_image_src":{"full":false,"thumbnail":false,"medium":false,"medium_large":false,"large":false,"1536x1536":false,"2048x2048":false,"trp-custom-language-flag":false,"qubely_landscape":false,"qubely_portrait":false,"qubely_thumbnail":false,"docent-large":false,"docent-blog":false,"docent-medium":false},"uagb_author_info":{"display_name":"Apoyo","author_link":"https:\/\/apoyo.pro\/en\/author\/apoyo\/"},"uagb_comment_info":0,"uagb_excerpt":"1. Condiciones de uso de la plataforma El acceso a la plataforma de formaci\u00f3n por parte del usuario est\u00e1 condicionada a la previa lectura y aceptaci\u00f3n integra, expresa y sin reservas de las presentes&nbsp;CONDICIONES DE USO&nbsp;vigentes en el momento del acceso, que rogamos lea detenidamente. El usuario en el momento que utiliza esta plataforma, sus&hellip;","_links":{"self":[{"href":"https:\/\/apoyo.pro\/en\/wp-json\/wp\/v2\/pages\/6497","targetHints":{"allow":["GET"]}}],"collection":[{"href":"https:\/\/apoyo.pro\/en\/wp-json\/wp\/v2\/pages"}],"about":[{"href":"https:\/\/apoyo.pro\/en\/wp-json\/wp\/v2\/types\/page"}],"author":[{"embeddable":true,"href":"https:\/\/apoyo.pro\/en\/wp-json\/wp\/v2\/users\/1"}],"replies":[{"embeddable":true,"href":"https:\/\/apoyo.pro\/en\/wp-json\/wp\/v2\/comments?post=6497"}],"version-history":[{"count":4,"href":"https:\/\/apoyo.pro\/en\/wp-json\/wp\/v2\/pages\/6497\/revisions"}],"predecessor-version":[{"id":6534,"href":"https:\/\/apoyo.pro\/en\/wp-json\/wp\/v2\/pages\/6497\/revisions\/6534"}],"wp:attachment":[{"href":"https:\/\/apoyo.pro\/en\/wp-json\/wp\/v2\/media?parent=6497"}],"curies":[{"name":"wp","href":"https:\/\/api.w.org\/{rel}","templated":true}]}}