{"id":9,"date":"2019-07-17T06:38:37","date_gmt":"2019-07-17T06:38:37","guid":{"rendered":"https:\/\/demo.themeum.com\/wordpress\/docent\/?page_id=9"},"modified":"2021-09-20T16:21:34","modified_gmt":"2021-09-20T16:21:34","slug":"about-me","status":"publish","type":"page","link":"https:\/\/apoyo.pro\/en\/about-me\/","title":{"rendered":"Sobre m\u00ed"},"content":{"rendered":"<div class=\"wp-block-qubely-row alignfull qubely-section qubely-block-a5dbce\"><div class=\"qubely-row-overlay\"><\/div><div class=\"qubely-container\"><div class=\"qubely-row\">\n<div class=\"wp-block-qubely-column qubely-column qubely-column-front qubely-block-6d7f3e\"><div class=\"qubely-column-inner\">\n<div class=\"wp-block-qubely-image qubely-block-93fc30\"><div class=\"qubely-block-image  qubely-image-layout-simple\"><div class=\"qubely-image-media qubely-vertical-alignment-center qubely-horizontal-alignment-center\"><figure><div class=\"qubely-image-container\"><img decoding=\"async\" class=\"qubely-image-image\" src=\"http:\/\/apoyo.pro\/wp-content\/uploads\/2021\/08\/user-me-2.png\" alt=\"\"\/><\/div><\/figure><\/div><\/div><\/div>\n\n\n\n<div class=\"wp-block-qubely-socialicons qubely-block-099af5\"><div class=\"qubely-block-social-icons  qubely-layout-normal qubely-style-custom\"><ul class=\"qubely-ul\"><li class=\"qubely-li qubely-social-item qubely-social-facebook\" arealabel=\"Facebook\"><a href=\"https:\/\/facebook.com\/themeum\" target=\"_blank\" rel=\"nofollow noopener noreferrer\"><i class=\"qubely-social-icon fab fa-facebook\"><\/i><\/a><\/li><li class=\"qubely-li qubely-social-item qubely-social-twitter\" arealabel=\"Twitter\"><a href=\"https:\/\/twitter.com\/themeum\" target=\"_blank\" rel=\"nofollow noopener noreferrer\"><i class=\"qubely-social-icon fab fa-twitter\"><\/i><\/a><\/li><li class=\"qubely-li qubely-social-item qubely-social-linkedin\" arealabel=\"LinkedIn\"><a href=\"#\" target=\"_blank\" rel=\"nofollow noopener noreferrer\"><i class=\"qubely-social-icon fab fa-linkedin\"><\/i><\/a><\/li><li class=\"qubely-li qubely-social-item qubely-social-youtube\" arealabel=\"YouTube\"><a href=\"https:\/\/youtube.com\/user\/themeumwp\" target=\"_blank\" rel=\"nofollow noopener noreferrer\"><i class=\"qubely-social-icon fab fa-youtube\"><\/i><\/a><\/li><li class=\"qubely-li qubely-social-item qubely-social-dribbble\" arealabel=\"Dribbble\"><a href=\"https:\/\/dribbble.com\/themeum\" target=\"_blank\" rel=\"nofollow noopener noreferrer\"><i class=\"qubely-social-icon fab fa-dribbble\"><\/i><\/a><\/li><\/ul><\/div><\/div>\n\n\n\n<div class=\"wp-block-qubely-text qubely-block-42a4a9\"><div class=\"qubely-block-text\"><div class=\"qubely-block-text-title-container  qubely-separator-position-top\"><div class=\"qubely-block-text-title-inner\"><h2 class=\"qubely-block-text-title\">Hola, soy <strong>Pri\u00e1mo Rodr\u00edguez<\/strong><\/h2><\/div><\/div><p>Soy un CPA que le encanta el dise\u00f1o gr\u00e1fico y web con sede en Santo Domingo, DR. Soy de Santiago de los Caballeros, y<br>siempre hablar\u00e9 de la Voluntad, Lealtad, Honestidad y Car\u00e1cter (VLHC) . Me gusta reconstruir los procesos y hacer las cosas bastante funcionales.<\/p><\/div><\/div>\n\n\n\n<div class=\"wp-block-qubely-buttongroup qubely-block-50de05\"><div class=\"qubely-block-button-group\">\n<div class=\"wp-block-qubely-button qubely-block-6c8987 qubely-group-button\"><div class=\"qubely-block-btn-wrapper\"><div class=\"qubely-block-btn\"><a class=\"qubely-block-btn-anchor is-large\" href=\"https:\/\/demo.themeum.com\/wordpress\/docent\/contact\/\">Enviar Mensaje<\/a><\/div><\/div><\/div>\n<\/div><\/div>\n<\/div><\/div>\n<\/div><\/div><\/div>\n\n\n\n<div class=\"wp-block-qubely-row qubely-section qubely-block-4e6a66\"><div class=\"qubely-row-overlay\"><\/div><div class=\"qubely-container\"><div class=\"qubely-row\">\n<div class=\"wp-block-qubely-column qubely-column qubely-column-front qubely-block-a97f3d\"><div class=\"qubely-column-inner\">\n<div class=\"wp-block-qubely-text qubely-block-841a19\"><div class=\"qubely-block-text\"><div class=\"qubely-block-text-title-container  qubely-separator-position-top\"><div class=\"qubely-block-text-title-inner\"><h4 class=\"qubely-block-text-title\">Mi Carrera<\/h4><\/div><\/div><p>Considerado un autodidacta en tecnolog\u00eda de la informaci\u00f3n. Dispongo de vasta experiencia en firmas internacionales de auditor\u00eda.  Ejercicio profesional en las \u00e1reas de Finanzas, Contralor\u00eda, Tarjetas de Cr\u00e9dito, Contabilidad y Reportes Regulatorios en los principales bancos nacionales y extranjeros radicados en Rep\u00fablica Dominicana. Contador P\u00fablico Autorizado -CPA- Exequ\u00e1tur Otorgado por Decreto del Poder Ejecutivo 430-89.<\/p><\/div><\/div>\n\n\n\n<div class=\"wp-block-qubely-infobox qubely-block-9101bb\"><div class=\"qubely-block-info-box  qubely-info-box-layout-2\"><div class=\"qubely-info-box-media qubely-media-has-bg\"><img decoding=\"async\" class=\"qubely-info-box-image\" src=\"http:\/\/apoyo.pro\/wp-content\/uploads\/2019\/07\/career-icon1.svg\" srcset=\"\" alt=\"\"\/><\/div><div class=\"qubely-info-box-body\"><div class=\"qubely-info-box-title-container  qubely-separator-position-top\"><div class=\"qubely-info-box-title-inner\"><h5 class=\"qubely-info-box-title\">Online Instructor<\/h5><\/div><\/div><div class=\"qubely-info-box-content\"><div class=\"qubely-info-box-text\">Oct 2018 &#8211; Present<\/div><\/div><\/div><\/div><\/div>\n\n\n\n<div class=\"wp-block-qubely-infobox qubely-block-7543a4\"><div class=\"qubely-block-info-box  qubely-info-box-layout-2\"><div class=\"qubely-info-box-media qubely-media-has-bg\"><img decoding=\"async\" class=\"qubely-info-box-image\" src=\"http:\/\/apoyo.pro\/wp-content\/uploads\/2019\/07\/career-icon-2.png\" srcset=\"\" alt=\"\"\/><\/div><div class=\"qubely-info-box-body\"><div class=\"qubely-info-box-title-container  qubely-separator-position-top\"><div class=\"qubely-info-box-title-inner\"><h5 class=\"qubely-info-box-title\">Online Teaching Assistant<\/h5><\/div><\/div><div class=\"qubely-info-box-content\"><div class=\"qubely-info-box-text\">Oct 2018 &#8211; Present<\/div><\/div><\/div><\/div><\/div>\n\n\n\n<div class=\"wp-block-qubely-infobox qubely-block-532335\"><div class=\"qubely-block-info-box  qubely-info-box-layout-2\"><div class=\"qubely-info-box-media qubely-media-has-bg\"><img decoding=\"async\" class=\"qubely-info-box-image\" src=\"http:\/\/apoyo.pro\/wp-content\/uploads\/2019\/07\/career-icon-3.svg\" srcset=\"\" alt=\"\"\/><\/div><div class=\"qubely-info-box-body\"><div class=\"qubely-info-box-title-container  qubely-separator-position-top\"><div class=\"qubely-info-box-title-inner\"><h5 class=\"qubely-info-box-title\">Trainee Teacher<\/h5><\/div><\/div><div class=\"qubely-info-box-content\"><div class=\"qubely-info-box-text\">Oct 2018 &#8211; Present<\/div><\/div><\/div><\/div><\/div>\n<\/div><\/div>\n\n\n\n<div class=\"wp-block-qubely-column qubely-column qubely-column-front qubely-block-939fac\"><div class=\"qubely-column-inner\">\n<div class=\"wp-block-qubely-heading qubely-block-005905\"><div class=\"qubely-block-heading\"><div class=\"qubely-heading-container\"><h4 class=\"qubely-heading-selector\">Special Skills<\/h4><\/div><\/div><\/div>\n\n\n\n<div class=\"wp-block-qubely-button qubely-block-eb56f0\"><div class=\"qubely-block-btn-wrapper\"><div class=\"qubely-block-btn\"><a class=\"qubely-block-btn-anchor is-custom\" href=\"#\">UI\/UX Design<\/a><\/div><\/div><\/div>\n\n\n\n<div class=\"wp-block-qubely-button qubely-block-449de1\"><div class=\"qubely-block-btn-wrapper\"><div class=\"qubely-block-btn\"><a class=\"qubely-block-btn-anchor is-custom\" href=\"#\">Web Design \/ Development<\/a><\/div><\/div><\/div>\n\n\n\n<div class=\"wp-block-qubely-button qubely-block-f190f2\"><div class=\"qubely-block-btn-wrapper\"><div class=\"qubely-block-btn\"><a class=\"qubely-block-btn-anchor is-custom\" href=\"#\">Illustration<\/a><\/div><\/div><\/div>\n\n\n\n<div class=\"wp-block-qubely-button qubely-block-58b35a\"><div class=\"qubely-block-btn-wrapper\"><div class=\"qubely-block-btn\"><a class=\"qubely-block-btn-anchor is-custom\" href=\"#\">Brand Identity<\/a><\/div><\/div><\/div>\n\n\n\n<div class=\"wp-block-qubely-button qubely-block-11bf23\"><div class=\"qubely-block-btn-wrapper\"><div class=\"qubely-block-btn\"><a class=\"qubely-block-btn-anchor is-custom\" href=\"#\">Motion Design<\/a><\/div><\/div><\/div>\n\n\n\n<div class=\"wp-block-qubely-button qubely-block-87af6f\"><div class=\"qubely-block-btn-wrapper\"><div class=\"qubely-block-btn\"><a class=\"qubely-block-btn-anchor is-custom\" href=\"#\">Interaction Design<\/a><\/div><\/div><\/div>\n<\/div><\/div>\n<\/div><\/div><\/div>","protected":false},"excerpt":{"rendered":"","protected":false},"author":1,"featured_media":0,"parent":0,"menu_order":0,"comment_status":"closed","ping_status":"closed","template":"homepage.php","meta":{"qubely_global_settings":"","qubely_interactions":"","_uag_custom_page_level_css":"","footnotes":""},"class_list":["post-9","page","type-page","status-publish","hentry"],"yoast_head":"<!-- This site is optimized with the Yoast SEO plugin v25.8 - https:\/\/yoast.com\/wordpress\/plugins\/seo\/ -->\n<title>Sobre m\u00ed - Apoyo.pro VLHC<\/title>\n<meta name=\"robots\" content=\"index, follow, max-snippet:-1, max-image-preview:large, max-video-preview:-1\" \/>\n<link rel=\"canonical\" href=\"https:\/\/apoyo.pro\/en\/about-me\/\" \/>\n<meta property=\"og:locale\" content=\"en_US\" \/>\n<meta property=\"og:type\" content=\"article\" \/>\n<meta property=\"og:title\" content=\"Sobre m\u00ed - Apoyo.pro VLHC\" \/>\n<meta property=\"og:url\" content=\"https:\/\/apoyo.pro\/en\/about-me\/\" \/>\n<meta property=\"og:site_name\" content=\"Apoyo.pro VLHC\" \/>\n<meta property=\"article:modified_time\" content=\"2021-09-20T16:21:34+00:00\" \/>\n<meta property=\"og:image\" content=\"http:\/\/apoyo.pro\/wp-content\/uploads\/2021\/08\/user-me-2.png\" \/>\n<meta name=\"twitter:card\" content=\"summary_large_image\" \/>\n<meta name=\"twitter:label1\" content=\"Est. reading time\" \/>\n\t<meta name=\"twitter:data1\" content=\"2 minutes\" \/>\n<script type=\"application\/ld+json\" class=\"yoast-schema-graph\">{\"@context\":\"https:\/\/schema.org\",\"@graph\":[{\"@type\":\"WebPage\",\"@id\":\"https:\/\/apoyo.pro\/about-me\/\",\"url\":\"https:\/\/apoyo.pro\/about-me\/\",\"name\":\"Sobre m\u00ed - Apoyo.pro VLHC\",\"isPartOf\":{\"@id\":\"https:\/\/apoyo.pro\/#website\"},\"primaryImageOfPage\":{\"@id\":\"https:\/\/apoyo.pro\/about-me\/#primaryimage\"},\"image\":{\"@id\":\"https:\/\/apoyo.pro\/about-me\/#primaryimage\"},\"thumbnailUrl\":\"http:\/\/apoyo.pro\/wp-content\/uploads\/2021\/08\/user-me-2.png\",\"datePublished\":\"2019-07-17T06:38:37+00:00\",\"dateModified\":\"2021-09-20T16:21:34+00:00\",\"breadcrumb\":{\"@id\":\"https:\/\/apoyo.pro\/about-me\/#breadcrumb\"},\"inLanguage\":\"en-US\",\"potentialAction\":[{\"@type\":\"ReadAction\",\"target\":[\"https:\/\/apoyo.pro\/about-me\/\"]}]},{\"@type\":\"ImageObject\",\"inLanguage\":\"en-US\",\"@id\":\"https:\/\/apoyo.pro\/about-me\/#primaryimage\",\"url\":\"http:\/\/apoyo.pro\/wp-content\/uploads\/2021\/08\/user-me-2.png\",\"contentUrl\":\"http:\/\/apoyo.pro\/wp-content\/uploads\/2021\/08\/user-me-2.png\"},{\"@type\":\"BreadcrumbList\",\"@id\":\"https:\/\/apoyo.pro\/about-me\/#breadcrumb\",\"itemListElement\":[{\"@type\":\"ListItem\",\"position\":1,\"name\":\"Portada\",\"item\":\"https:\/\/apoyo.pro\/\"},{\"@type\":\"ListItem\",\"position\":2,\"name\":\"Sobre m\u00ed\"}]},{\"@type\":\"WebSite\",\"@id\":\"https:\/\/apoyo.pro\/#website\",\"url\":\"https:\/\/apoyo.pro\/\",\"name\":\"Apoyo.pro VLHC\",\"description\":\"Reingenier\u00eda de procesos de negocios con Voluntad, Lealtad, Honestidad y Car\u00e1cter.\",\"publisher\":{\"@id\":\"https:\/\/apoyo.pro\/#organization\"},\"potentialAction\":[{\"@type\":\"SearchAction\",\"target\":{\"@type\":\"EntryPoint\",\"urlTemplate\":\"https:\/\/apoyo.pro\/?s={search_term_string}\"},\"query-input\":{\"@type\":\"PropertyValueSpecification\",\"valueRequired\":true,\"valueName\":\"search_term_string\"}}],\"inLanguage\":\"en-US\"},{\"@type\":\"Organization\",\"@id\":\"https:\/\/apoyo.pro\/#organization\",\"name\":\"Apoyo.pro VLHC\",\"url\":\"https:\/\/apoyo.pro\/\",\"logo\":{\"@type\":\"ImageObject\",\"inLanguage\":\"en-US\",\"@id\":\"https:\/\/apoyo.pro\/#\/schema\/logo\/image\/\",\"url\":\"https:\/\/apoyo.pro\/wp-content\/uploads\/2021\/09\/cropped-Original-on-Transparent-e1631756329498.png\",\"contentUrl\":\"https:\/\/apoyo.pro\/wp-content\/uploads\/2021\/09\/cropped-Original-on-Transparent-e1631756329498.png\",\"width\":190,\"height\":61,\"caption\":\"Apoyo.pro VLHC\"},\"image\":{\"@id\":\"https:\/\/apoyo.pro\/#\/schema\/logo\/image\/\"}}]}<\/script>\n<!-- \/ Yoast SEO plugin. -->","yoast_head_json":{"title":"Sobre m\u00ed - Apoyo.pro VLHC","robots":{"index":"index","follow":"follow","max-snippet":"max-snippet:-1","max-image-preview":"max-image-preview:large","max-video-preview":"max-video-preview:-1"},"canonical":"https:\/\/apoyo.pro\/en\/about-me\/","og_locale":"en_US","og_type":"article","og_title":"Sobre m\u00ed - Apoyo.pro VLHC","og_url":"https:\/\/apoyo.pro\/en\/about-me\/","og_site_name":"Apoyo.pro VLHC","article_modified_time":"2021-09-20T16:21:34+00:00","og_image":[{"url":"http:\/\/apoyo.pro\/wp-content\/uploads\/2021\/08\/user-me-2.png","type":"","width":"","height":""}],"twitter_card":"summary_large_image","twitter_misc":{"Est. reading time":"2 minutes"},"schema":{"@context":"https:\/\/schema.org","@graph":[{"@type":"WebPage","@id":"https:\/\/apoyo.pro\/about-me\/","url":"https:\/\/apoyo.pro\/about-me\/","name":"Sobre m\u00ed - Apoyo.pro VLHC","isPartOf":{"@id":"https:\/\/apoyo.pro\/#website"},"primaryImageOfPage":{"@id":"https:\/\/apoyo.pro\/about-me\/#primaryimage"},"image":{"@id":"https:\/\/apoyo.pro\/about-me\/#primaryimage"},"thumbnailUrl":"http:\/\/apoyo.pro\/wp-content\/uploads\/2021\/08\/user-me-2.png","datePublished":"2019-07-17T06:38:37+00:00","dateModified":"2021-09-20T16:21:34+00:00","breadcrumb":{"@id":"https:\/\/apoyo.pro\/about-me\/#breadcrumb"},"inLanguage":"en-US","potentialAction":[{"@type":"ReadAction","target":["https:\/\/apoyo.pro\/about-me\/"]}]},{"@type":"ImageObject","inLanguage":"en-US","@id":"https:\/\/apoyo.pro\/about-me\/#primaryimage","url":"http:\/\/apoyo.pro\/wp-content\/uploads\/2021\/08\/user-me-2.png","contentUrl":"http:\/\/apoyo.pro\/wp-content\/uploads\/2021\/08\/user-me-2.png"},{"@type":"BreadcrumbList","@id":"https:\/\/apoyo.pro\/about-me\/#breadcrumb","itemListElement":[{"@type":"ListItem","position":1,"name":"Portada","item":"https:\/\/apoyo.pro\/"},{"@type":"ListItem","position":2,"name":"Sobre m\u00ed"}]},{"@type":"WebSite","@id":"https:\/\/apoyo.pro\/#website","url":"https:\/\/apoyo.pro\/","name":"Apoyo.pro VLHC","description":"Reingenier\u00eda de procesos de negocios con Voluntad, Lealtad, Honestidad y Car\u00e1cter.","publisher":{"@id":"https:\/\/apoyo.pro\/#organization"},"potentialAction":[{"@type":"SearchAction","target":{"@type":"EntryPoint","urlTemplate":"https:\/\/apoyo.pro\/?s={search_term_string}"},"query-input":{"@type":"PropertyValueSpecification","valueRequired":true,"valueName":"search_term_string"}}],"inLanguage":"en-US"},{"@type":"Organization","@id":"https:\/\/apoyo.pro\/#organization","name":"Apoyo.pro VLHC","url":"https:\/\/apoyo.pro\/","logo":{"@type":"ImageObject","inLanguage":"en-US","@id":"https:\/\/apoyo.pro\/#\/schema\/logo\/image\/","url":"https:\/\/apoyo.pro\/wp-content\/uploads\/2021\/09\/cropped-Original-on-Transparent-e1631756329498.png","contentUrl":"https:\/\/apoyo.pro\/wp-content\/uploads\/2021\/09\/cropped-Original-on-Transparent-e1631756329498.png","width":190,"height":61,"caption":"Apoyo.pro VLHC"},"image":{"@id":"https:\/\/apoyo.pro\/#\/schema\/logo\/image\/"}}]}},"uagb_featured_image_src":{"full":false,"thumbnail":false,"medium":false,"medium_large":false,"large":false,"1536x1536":false,"2048x2048":false,"trp-custom-language-flag":false,"qubely_landscape":false,"qubely_portrait":false,"qubely_thumbnail":false,"docent-large":false,"docent-blog":false,"docent-medium":false},"uagb_author_info":{"display_name":"Apoyo","author_link":"https:\/\/apoyo.pro\/en\/author\/apoyo\/"},"uagb_comment_info":0,"uagb_excerpt":null,"_links":{"self":[{"href":"https:\/\/apoyo.pro\/en\/wp-json\/wp\/v2\/pages\/9","targetHints":{"allow":["GET"]}}],"collection":[{"href":"https:\/\/apoyo.pro\/en\/wp-json\/wp\/v2\/pages"}],"about":[{"href":"https:\/\/apoyo.pro\/en\/wp-json\/wp\/v2\/types\/page"}],"author":[{"embeddable":true,"href":"https:\/\/apoyo.pro\/en\/wp-json\/wp\/v2\/users\/1"}],"replies":[{"embeddable":true,"href":"https:\/\/apoyo.pro\/en\/wp-json\/wp\/v2\/comments?post=9"}],"version-history":[{"count":5,"href":"https:\/\/apoyo.pro\/en\/wp-json\/wp\/v2\/pages\/9\/revisions"}],"predecessor-version":[{"id":6484,"href":"https:\/\/apoyo.pro\/en\/wp-json\/wp\/v2\/pages\/9\/revisions\/6484"}],"wp:attachment":[{"href":"https:\/\/apoyo.pro\/en\/wp-json\/wp\/v2\/media?parent=9"}],"curies":[{"name":"wp","href":"https:\/\/api.w.org\/{rel}","templated":true}]}}